{"id":13508,"date":"2025-10-11T11:01:31","date_gmt":"2025-10-11T10:01:31","guid":{"rendered":"https:\/\/gnosis.is\/?page_id=13508"},"modified":"2025-10-18T01:09:16","modified_gmt":"2025-10-18T00:09:16","slug":"arabe-clase-19-curso-online-kzas","status":"publish","type":"page","link":"https:\/\/gnosis.is\/de\/arabe-clase-19-curso-online-kzas\/","title":{"rendered":"arabe clase-19-curso-online-kzas"},"content":{"rendered":"<div data-elementor-type=\"wp-page\" data-elementor-id=\"13508\" class=\"elementor elementor-13508\" data-elementor-post-type=\"page\">\n\t\t\t\t\t\t<section data-particle_enable=\"false\" data-particle-mobile-disabled=\"false\" class=\"elementor-section elementor-top-section elementor-element elementor-element-73e97184 elementor-section-boxed elementor-section-height-default elementor-section-height-default\" data-id=\"73e97184\" data-element_type=\"section\" data-settings=\"{&quot;jet_parallax_layout_list&quot;:[]}\">\n\t\t\t\t\t\t<div class=\"elementor-container elementor-column-gap-default\">\n\t\t\t\t\t<div class=\"elementor-column elementor-col-100 elementor-top-column elementor-element elementor-element-46c1e1d8\" data-id=\"46c1e1d8\" data-element_type=\"column\">\n\t\t\t<div class=\"elementor-widget-wrap elementor-element-populated\">\n\t\t\t\t\t\t<div class=\"elementor-element elementor-element-45d20ff1 elementor-widget elementor-widget-text-editor\" data-id=\"45d20ff1\" data-element_type=\"widget\" data-widget_type=\"text-editor.default\">\n\t\t\t\t\t\t\t\t\t<h1 style=\"text-align: center;\"><strong><span style=\"color: #003366;\">\u0627\u0644\u062f\u0631\u0633 \u0631\u0642\u0645 \u0663 \u2013 \u0627\u0644\u063a\u0631\u0641\u0629 \u0627\u0644\u0645\u062a\u0642\u062f\u0645\u0629<\/span><\/strong><\/h1>\t\t\t\t\t\t\t\t<\/div>\n\t\t\t\t<div class=\"elementor-element elementor-element-10c6c1e9 elementor-widget elementor-widget-text-editor\" data-id=\"10c6c1e9\" data-element_type=\"widget\" data-widget_type=\"text-editor.default\">\n\t\t\t\t\t\t\t\t\t<h1 style=\"text-align: center;\">\u062a\u062d\u0648\u064a\u0644 \u0627\u0644\u0637\u0627\u0642\u0629<\/h1>\t\t\t\t\t\t\t\t<\/div>\n\t\t\t\t\t<\/div>\n\t\t<\/div>\n\t\t\t\t\t<\/div>\n\t\t<\/section>\n\t\t\t\t<section data-particle_enable=\"false\" data-particle-mobile-disabled=\"false\" class=\"elementor-section elementor-top-section elementor-element elementor-element-2d03c12e elementor-section-boxed elementor-section-height-default elementor-section-height-default\" data-id=\"2d03c12e\" data-element_type=\"section\" data-settings=\"{&quot;jet_parallax_layout_list&quot;:[]}\">\n\t\t\t\t\t\t<div class=\"elementor-container elementor-column-gap-default\">\n\t\t\t\t\t<div class=\"elementor-column elementor-col-100 elementor-top-column elementor-element elementor-element-671bf27d\" data-id=\"671bf27d\" data-element_type=\"column\">\n\t\t\t<div class=\"elementor-widget-wrap\">\n\t\t\t\t\t\t\t<\/div>\n\t\t<\/div>\n\t\t\t\t\t<\/div>\n\t\t<\/section>\n\t\t\t\t<section data-particle_enable=\"false\" data-particle-mobile-disabled=\"false\" class=\"elementor-section elementor-top-section elementor-element elementor-element-f842ad5 elementor-section-boxed elementor-section-height-default elementor-section-height-default\" data-id=\"f842ad5\" data-element_type=\"section\" data-settings=\"{&quot;jet_parallax_layout_list&quot;:[]}\">\n\t\t\t\t\t\t<div class=\"elementor-container elementor-column-gap-default\">\n\t\t\t\t\t<div class=\"elementor-column elementor-col-25 elementor-top-column elementor-element elementor-element-12c8ce46\" data-id=\"12c8ce46\" data-element_type=\"column\">\n\t\t\t<div class=\"elementor-widget-wrap elementor-element-populated\">\n\t\t\t\t\t\t<div class=\"elementor-element elementor-element-1da59720 elementor-widget elementor-widget-video\" data-id=\"1da59720\" data-element_type=\"widget\" data-settings=\"{&quot;youtube_url&quot;:&quot;https:\\\/\\\/youtu.be\\\/NGUYcNfvNUw&quot;,&quot;video_type&quot;:&quot;youtube&quot;,&quot;controls&quot;:&quot;yes&quot;}\" data-widget_type=\"video.default\">\n\t\t\t\t\t\t\t<div class=\"elementor-wrapper elementor-open-inline\">\n\t\t\t<div class=\"elementor-video\"><\/div>\t\t<\/div>\n\t\t\t\t\t\t<\/div>\n\t\t\t\t\t<\/div>\n\t\t<\/div>\n\t\t\t\t<div class=\"elementor-column elementor-col-25 elementor-top-column elementor-element elementor-element-62d8b13f\" data-id=\"62d8b13f\" data-element_type=\"column\">\n\t\t\t<div class=\"elementor-widget-wrap elementor-element-populated\">\n\t\t\t\t\t\t<div class=\"elementor-element elementor-element-76b9bd6c elementor-widget elementor-widget-text-editor\" data-id=\"76b9bd6c\" data-element_type=\"widget\" data-widget_type=\"text-editor.default\">\n\t\t\t\t\t\t\t\t\t<p><span style=\"font-size: 14pt; color: #003366;\"><strong>\u0645\u0624\u062a\u0645\u0631 \u0627\u0644\u0641\u064a\u062f\u064a\u0648 \u0627\u0644\u0645\u0633\u062c\u0644 &#8211; \u0627\u0644\u062c\u0632\u0621 \u0627\u0644\u0623\u0648\u0644<\/strong><\/span><\/p>\t\t\t\t\t\t\t\t<\/div>\n\t\t\t\t\t<\/div>\n\t\t<\/div>\n\t\t\t\t<div class=\"elementor-column elementor-col-25 elementor-top-column elementor-element elementor-element-4f08d8a8\" data-id=\"4f08d8a8\" data-element_type=\"column\">\n\t\t\t<div class=\"elementor-widget-wrap elementor-element-populated\">\n\t\t\t\t<a class=\"eael-wrapper-link-cf35c95 --eael-wrapper-link-tag\" href=\"https:\/\/drive.google.com\/file\/d\/1IyVYl6lgg7L1_k_RNjjQ2g09pVJ6VFDj\/view?usp=sharing\"><\/a>\t\t<div data-eael-wrapper-link=\"eael-wrapper-link-cf35c95\" class=\"elementor-element elementor-element-cf35c95 elementor-widget elementor-widget-image\" data-id=\"cf35c95\" data-element_type=\"widget\" data-widget_type=\"image.default\">\n\t\t\t\t\t\t\t\t\t\t\t\t\t\t\t<img fetchpriority=\"high\" decoding=\"async\" width=\"800\" height=\"452\" src=\"https:\/\/gnosis.is\/wp-content\/uploads\/2025\/10\/portada-03-1024x578.jpg\" class=\"attachment-large size-large wp-image-13489\" alt=\"\" srcset=\"https:\/\/gnosis.is\/wp-content\/uploads\/2025\/10\/portada-03-1024x578.jpg 1024w, https:\/\/gnosis.is\/wp-content\/uploads\/2025\/10\/portada-03-300x169.jpg 300w, https:\/\/gnosis.is\/wp-content\/uploads\/2025\/10\/portada-03-768x434.jpg 768w, https:\/\/gnosis.is\/wp-content\/uploads\/2025\/10\/portada-03-18x10.jpg 18w, https:\/\/gnosis.is\/wp-content\/uploads\/2025\/10\/portada-03.jpg 1213w\" sizes=\"(max-width: 800px) 100vw, 800px\" \/>\t\t\t\t\t\t\t\t\t\t\t\t\t\t\t<\/div>\n\t\t\t\t\t<\/div>\n\t\t<\/div>\n\t\t\t\t<div class=\"elementor-column elementor-col-25 elementor-top-column elementor-element elementor-element-20c5edfd\" data-id=\"20c5edfd\" data-element_type=\"column\">\n\t\t\t<div class=\"elementor-widget-wrap elementor-element-populated\">\n\t\t\t\t\t\t<div class=\"elementor-element elementor-element-5af7d72 elementor-widget elementor-widget-text-editor\" data-id=\"5af7d72\" data-element_type=\"widget\" data-widget_type=\"text-editor.default\">\n\t\t\t\t\t\t\t\t\t<p style=\"text-align: center;\"><span style=\"font-size: 14pt; color: #003366;\"><strong>\u0639\u0631\u0636 \u062a\u0642\u062f\u064a\u0645\u064a \u0628\u0635\u064a\u063a\u0629 PDF<\/strong><\/span><\/p>\t\t\t\t\t\t\t\t<\/div>\n\t\t\t\t\t<\/div>\n\t\t<\/div>\n\t\t\t\t\t<\/div>\n\t\t<\/section>\n\t\t\t\t<section data-particle_enable=\"false\" data-particle-mobile-disabled=\"false\" class=\"elementor-section elementor-top-section elementor-element elementor-element-7a0483b elementor-section-boxed elementor-section-height-default elementor-section-height-default\" data-id=\"7a0483b\" data-element_type=\"section\" data-settings=\"{&quot;jet_parallax_layout_list&quot;:[]}\">\n\t\t\t\t\t\t<div class=\"elementor-container elementor-column-gap-default\">\n\t\t\t\t\t<div class=\"elementor-column elementor-col-25 elementor-top-column elementor-element elementor-element-6ef312e\" data-id=\"6ef312e\" data-element_type=\"column\">\n\t\t\t<div class=\"elementor-widget-wrap elementor-element-populated\">\n\t\t\t\t\t\t<div class=\"elementor-element elementor-element-1e5af01 elementor-widget elementor-widget-video\" data-id=\"1e5af01\" data-element_type=\"widget\" data-settings=\"{&quot;youtube_url&quot;:&quot;https:\\\/\\\/youtu.be\\\/NqFr8y5P5zQ&quot;,&quot;video_type&quot;:&quot;youtube&quot;,&quot;controls&quot;:&quot;yes&quot;}\" data-widget_type=\"video.default\">\n\t\t\t\t\t\t\t<div class=\"elementor-wrapper elementor-open-inline\">\n\t\t\t<div class=\"elementor-video\"><\/div>\t\t<\/div>\n\t\t\t\t\t\t<\/div>\n\t\t\t\t\t<\/div>\n\t\t<\/div>\n\t\t\t\t<div class=\"elementor-column elementor-col-25 elementor-top-column elementor-element elementor-element-e952f53\" data-id=\"e952f53\" data-element_type=\"column\">\n\t\t\t<div class=\"elementor-widget-wrap elementor-element-populated\">\n\t\t\t\t\t\t<div class=\"elementor-element elementor-element-aa8802b elementor-widget elementor-widget-text-editor\" data-id=\"aa8802b\" data-element_type=\"widget\" data-widget_type=\"text-editor.default\">\n\t\t\t\t\t\t\t\t\t<p><span style=\"font-size: 14pt; color: #003366;\"><strong>\u0645\u0624\u062a\u0645\u0631 \u0627\u0644\u0641\u064a\u062f\u064a\u0648 \u0627\u0644\u0645\u0633\u062c\u0644 &#8211; \u0627\u0644\u062c\u0632\u0621 \u0627\u0644\u062b\u0627\u0646\u064a<\/strong><\/span><\/p>\t\t\t\t\t\t\t\t<\/div>\n\t\t\t\t\t<\/div>\n\t\t<\/div>\n\t\t\t\t<div class=\"elementor-column elementor-col-25 elementor-top-column elementor-element elementor-element-0a7b53f\" data-id=\"0a7b53f\" data-element_type=\"column\">\n\t\t\t<div class=\"elementor-widget-wrap elementor-element-populated\">\n\t\t\t\t<a class=\"eael-wrapper-link-d69ecd9 --eael-wrapper-link-tag\" href=\"https:\/\/drive.google.com\/file\/d\/1ZrB-bf4QcSe1cjOPBoT3zThjPmKNFm7G\/view?usp=sharing\"><\/a>\t\t<div data-eael-wrapper-link=\"eael-wrapper-link-d69ecd9\" class=\"elementor-element elementor-element-d69ecd9 elementor-widget elementor-widget-image\" data-id=\"d69ecd9\" data-element_type=\"widget\" data-widget_type=\"image.default\">\n\t\t\t\t\t\t\t\t\t\t\t\t\t\t\t<img decoding=\"async\" width=\"800\" height=\"447\" src=\"https:\/\/gnosis.is\/wp-content\/uploads\/2025\/10\/downloadpdf-1024x572.jpg\" class=\"attachment-large size-large wp-image-13529\" alt=\"\" srcset=\"https:\/\/gnosis.is\/wp-content\/uploads\/2025\/10\/downloadpdf-1024x572.jpg 1024w, https:\/\/gnosis.is\/wp-content\/uploads\/2025\/10\/downloadpdf-300x168.jpg 300w, https:\/\/gnosis.is\/wp-content\/uploads\/2025\/10\/downloadpdf-768x429.jpg 768w, https:\/\/gnosis.is\/wp-content\/uploads\/2025\/10\/downloadpdf-1536x858.jpg 1536w, https:\/\/gnosis.is\/wp-content\/uploads\/2025\/10\/downloadpdf-18x10.jpg 18w, https:\/\/gnosis.is\/wp-content\/uploads\/2025\/10\/downloadpdf.jpg 1728w\" sizes=\"(max-width: 800px) 100vw, 800px\" \/>\t\t\t\t\t\t\t\t\t\t\t\t\t\t\t<\/div>\n\t\t\t\t\t<\/div>\n\t\t<\/div>\n\t\t\t\t<div class=\"elementor-column elementor-col-25 elementor-top-column elementor-element elementor-element-062006a\" data-id=\"062006a\" data-element_type=\"column\">\n\t\t\t<div class=\"elementor-widget-wrap elementor-element-populated\">\n\t\t\t\t\t\t<div class=\"elementor-element elementor-element-17bf607 elementor-widget elementor-widget-text-editor\" data-id=\"17bf607\" data-element_type=\"widget\" data-widget_type=\"text-editor.default\">\n\t\t\t\t\t\t\t\t\t<h5><strong>\u062a\u062d\u0648\u064a\u0644 \u0637\u0627\u0642\u062a\u0646\u0627 &#8211; \u0627\u0644\u0643\u064a\u0645\u064a\u0627\u0621 \u0627\u0644\u062c\u0646\u0633\u064a\u0629 &#8211; \u0646\u0635 PDF \u0644\u0644\u062a\u062d\u0645\u064a\u0644<\/strong><\/h5>\t\t\t\t\t\t\t\t<\/div>\n\t\t\t\t\t<\/div>\n\t\t<\/div>\n\t\t\t\t\t<\/div>\n\t\t<\/section>\n\t\t\t\t<section data-particle_enable=\"false\" data-particle-mobile-disabled=\"false\" class=\"elementor-section elementor-top-section elementor-element elementor-element-5a560506 elementor-section-boxed elementor-section-height-default elementor-section-height-default\" data-id=\"5a560506\" data-element_type=\"section\" data-settings=\"{&quot;jet_parallax_layout_list&quot;:[]}\">\n\t\t\t\t\t\t<div class=\"elementor-container elementor-column-gap-default\">\n\t\t\t\t\t<div class=\"elementor-column elementor-col-100 elementor-top-column elementor-element elementor-element-11a6687c\" data-id=\"11a6687c\" data-element_type=\"column\">\n\t\t\t<div class=\"elementor-widget-wrap elementor-element-populated\">\n\t\t\t\t\t\t<div class=\"elementor-element elementor-element-6488e9d6 elementor-widget elementor-widget-spacer\" data-id=\"6488e9d6\" data-element_type=\"widget\" data-widget_type=\"spacer.default\">\n\t\t\t\t\t\t\t<div class=\"elementor-spacer\">\n\t\t\t<div class=\"elementor-spacer-inner\"><\/div>\n\t\t<\/div>\n\t\t\t\t\t\t<\/div>\n\t\t\t\t<div class=\"elementor-element elementor-element-5bfaa32 elementor-align-center elementor-widget elementor-widget-button\" data-id=\"5bfaa32\" data-element_type=\"widget\" data-widget_type=\"button.default\">\n\t\t\t\t\t\t\t\t\t\t<a class=\"elementor-button elementor-button-link elementor-size-sm\" href=\"https:\/\/gnosis.link\/donar\" target=\"_blank\">\n\t\t\t\t\t\t<span class=\"elementor-button-content-wrapper\">\n\t\t\t\t\t\t\t\t\t<span class=\"elementor-button-text\">\u0627\u0644\u062a\u0628\u0631\u0639\u0627\u062a<\/span>\n\t\t\t\t\t<\/span>\n\t\t\t\t\t<\/a>\n\t\t\t\t\t\t\t\t<\/div>\n\t\t\t\t\t<\/div>\n\t\t<\/div>\n\t\t\t\t\t<\/div>\n\t\t<\/section>\n\t\t\t\t<\/div>","protected":false},"excerpt":{"rendered":"<p>\u0627\u0644\u062f\u0631\u0633 \u0631\u0642\u0645 \u0663 \u2013 \u0627\u0644\u063a\u0631\u0641\u0629 \u0627\u0644\u0645\u062a\u0642\u062f\u0645\u0629 \u062a\u062d\u0648\u064a\u0644 \u0627\u0644\u0637\u0627\u0642\u0629 https:\/\/youtu.be\/NGUYcNfvNUw \u0645\u0624\u062a\u0645\u0631 \u0627\u0644\u0641\u064a\u062f\u064a\u0648 \u0627\u0644\u0645\u0633\u062c\u0644 &#8211; \u0627\u0644\u062c\u0632\u0621 \u0627\u0644\u0623\u0648\u0644 \u0639\u0631\u0636 \u062a\u0642\u062f\u064a\u0645\u064a \u0628\u0635\u064a\u063a\u0629 PDF https:\/\/youtu.be\/NqFr8y5P5zQ \u0645\u0624\u062a\u0645\u0631 \u0627\u0644\u0641\u064a\u062f\u064a\u0648 \u0627\u0644\u0645\u0633\u062c\u0644 &#8211; \u0627\u0644\u062c\u0632\u0621 \u0627\u0644\u062b\u0627\u0646\u064a \u062a\u062d\u0648\u064a\u0644 \u0637\u0627\u0642\u062a\u0646\u0627 &#8211; \u0627\u0644\u0643\u064a\u0645\u064a\u0627\u0621 \u0627\u0644\u062c\u0646\u0633\u064a\u0629 &#8211; \u0646\u0635 PDF \u0644\u0644\u062a\u062d\u0645\u064a\u0644 \u0627\u0644\u062a\u0628\u0631\u0639\u0627\u062a<\/p>","protected":false},"author":60,"featured_media":0,"parent":0,"menu_order":0,"comment_status":"closed","ping_status":"closed","template":"","meta":{"footnotes":""},"class_list":["post-13508","page","type-page","status-publish","hentry"],"yoast_head":"<!-- This site is optimized with the Yoast SEO Premium plugin v24.7 (Yoast SEO v24.7) - https:\/\/yoast.com\/wordpress\/plugins\/seo\/ -->\n<title>arabe clase-19-curso-online-kzas &#8211; Gnosis Internacional<\/title>\n<meta name=\"robots\" content=\"index, follow, max-snippet:-1, max-image-preview:large, max-video-preview:-1\" \/>\n<link rel=\"canonical\" href=\"https:\/\/gnosis.is\/de\/arabe-clase-19-curso-online-kzas\/\" \/>\n<meta property=\"og:locale\" content=\"de_DE\" \/>\n<meta property=\"og:type\" content=\"article\" \/>\n<meta property=\"og:title\" content=\"arabe clase-19-curso-online-kzas\" \/>\n<meta property=\"og:description\" content=\"\u0627\u0644\u062f\u0631\u0633 \u0631\u0642\u0645 \u0663 \u2013 \u0627\u0644\u063a\u0631\u0641\u0629 \u0627\u0644\u0645\u062a\u0642\u062f\u0645\u0629 \u062a\u062d\u0648\u064a\u0644 \u0627\u0644\u0637\u0627\u0642\u0629 https:\/\/youtu.be\/NGUYcNfvNUw \u0645\u0624\u062a\u0645\u0631 \u0627\u0644\u0641\u064a\u062f\u064a\u0648 \u0627\u0644\u0645\u0633\u062c\u0644 &#8211; \u0627\u0644\u062c\u0632\u0621 \u0627\u0644\u0623\u0648\u0644 \u0639\u0631\u0636 \u062a\u0642\u062f\u064a\u0645\u064a \u0628\u0635\u064a\u063a\u0629 PDF https:\/\/youtu.be\/NqFr8y5P5zQ \u0645\u0624\u062a\u0645\u0631 \u0627\u0644\u0641\u064a\u062f\u064a\u0648 \u0627\u0644\u0645\u0633\u062c\u0644 &#8211; \u0627\u0644\u062c\u0632\u0621 \u0627\u0644\u062b\u0627\u0646\u064a \u062a\u062d\u0648\u064a\u0644 \u0637\u0627\u0642\u062a\u0646\u0627 &#8211; \u0627\u0644\u0643\u064a\u0645\u064a\u0627\u0621 \u0627\u0644\u062c\u0646\u0633\u064a\u0629 &#8211; \u0646\u0635 PDF \u0644\u0644\u062a\u062d\u0645\u064a\u0644 \u0627\u0644\u062a\u0628\u0631\u0639\u0627\u062a\" \/>\n<meta property=\"og:url\" content=\"https:\/\/gnosis.is\/de\/arabe-clase-19-curso-online-kzas\/\" \/>\n<meta property=\"og:site_name\" content=\"Gnosis Internacional\" \/>\n<meta property=\"article:publisher\" content=\"https:\/\/www.facebook.com\/Gnosis.ES\/\" \/>\n<meta property=\"article:modified_time\" content=\"2025-10-18T00:09:16+00:00\" \/>\n<meta property=\"og:image\" content=\"https:\/\/gnosis.is\/wp-content\/uploads\/2025\/10\/portada-03.jpg\" \/>\n\t<meta property=\"og:image:width\" content=\"1213\" \/>\n\t<meta property=\"og:image:height\" content=\"685\" \/>\n\t<meta property=\"og:image:type\" content=\"image\/jpeg\" \/>\n<meta name=\"twitter:card\" content=\"summary_large_image\" \/>\n<meta name=\"twitter:site\" content=\"@gnosisinter\" \/>\n<meta name=\"twitter:label1\" content=\"Gesch\u00e4tzte Lesezeit\" \/>\n\t<meta name=\"twitter:data1\" content=\"1\u00a0Minute\" \/>\n<script type=\"application\/ld+json\" class=\"yoast-schema-graph\">{\"@context\":\"https:\/\/schema.org\",\"@graph\":[{\"@type\":\"WebPage\",\"@id\":\"https:\/\/gnosis.is\/arabe-clase-19-curso-online-kzas\/\",\"url\":\"https:\/\/gnosis.is\/arabe-clase-19-curso-online-kzas\/\",\"name\":\"arabe clase-19-curso-online-kzas &#8211; Gnosis Internacional\",\"isPartOf\":{\"@id\":\"https:\/\/gnosis.is\/#website\"},\"primaryImageOfPage\":{\"@id\":\"https:\/\/gnosis.is\/arabe-clase-19-curso-online-kzas\/#primaryimage\"},\"image\":{\"@id\":\"https:\/\/gnosis.is\/arabe-clase-19-curso-online-kzas\/#primaryimage\"},\"thumbnailUrl\":\"https:\/\/gnosis.is\/wp-content\/uploads\/2025\/10\/portada-03-1024x578.jpg\",\"datePublished\":\"2025-10-11T10:01:31+00:00\",\"dateModified\":\"2025-10-18T00:09:16+00:00\",\"breadcrumb\":{\"@id\":\"https:\/\/gnosis.is\/arabe-clase-19-curso-online-kzas\/#breadcrumb\"},\"inLanguage\":\"de\",\"potentialAction\":[{\"@type\":\"ReadAction\",\"target\":[\"https:\/\/gnosis.is\/arabe-clase-19-curso-online-kzas\/\"]}]},{\"@type\":\"ImageObject\",\"inLanguage\":\"de\",\"@id\":\"https:\/\/gnosis.is\/arabe-clase-19-curso-online-kzas\/#primaryimage\",\"url\":\"https:\/\/gnosis.is\/wp-content\/uploads\/2025\/10\/portada-03-1024x578.jpg\",\"contentUrl\":\"https:\/\/gnosis.is\/wp-content\/uploads\/2025\/10\/portada-03-1024x578.jpg\"},{\"@type\":\"BreadcrumbList\",\"@id\":\"https:\/\/gnosis.is\/arabe-clase-19-curso-online-kzas\/#breadcrumb\",\"itemListElement\":[{\"@type\":\"ListItem\",\"position\":1,\"name\":\"Home\",\"item\":\"https:\/\/gnosis.is\/\"},{\"@type\":\"ListItem\",\"position\":2,\"name\":\"arabe clase-19-curso-online-kzas\"}]},{\"@type\":\"WebSite\",\"@id\":\"https:\/\/gnosis.is\/#website\",\"url\":\"https:\/\/gnosis.is\/\",\"name\":\"Cultura Gn\u00f3stica Espa\u00f1ol\",\"description\":\"Valores humanos, conciencia, filosof\u00eda, psicolog\u00eda gn\u00f3stica.\",\"publisher\":{\"@id\":\"https:\/\/gnosis.is\/#organization\"},\"potentialAction\":[{\"@type\":\"SearchAction\",\"target\":{\"@type\":\"EntryPoint\",\"urlTemplate\":\"https:\/\/gnosis.is\/?s={search_term_string}\"},\"query-input\":{\"@type\":\"PropertyValueSpecification\",\"valueRequired\":true,\"valueName\":\"search_term_string\"}}],\"inLanguage\":\"de\"},{\"@type\":\"Organization\",\"@id\":\"https:\/\/gnosis.is\/#organization\",\"name\":\"Cultura Gn\u00f3stica\",\"url\":\"https:\/\/gnosis.is\/\",\"logo\":{\"@type\":\"ImageObject\",\"inLanguage\":\"de\",\"@id\":\"https:\/\/gnosis.is\/#\/schema\/logo\/image\/\",\"url\":\"https:\/\/gnosis.is\/wp-content\/uploads\/2019\/07\/logoNuevo300.png\",\"contentUrl\":\"https:\/\/gnosis.is\/wp-content\/uploads\/2019\/07\/logoNuevo300.png\",\"width\":300,\"height\":306,\"caption\":\"Cultura Gn\u00f3stica\"},\"image\":{\"@id\":\"https:\/\/gnosis.is\/#\/schema\/logo\/image\/\"},\"sameAs\":[\"https:\/\/www.facebook.com\/Gnosis.ES\/\",\"https:\/\/x.com\/gnosisinter\",\"https:\/\/www.instagram.com\/gnosisinter\/\",\"https:\/\/www.youtube.com\/channel\/UCu7CGV0APUr8uXC9dzb9FKQ?sub_confirmation=1\"]}]}<\/script>\n<!-- \/ Yoast SEO Premium plugin. -->","yoast_head_json":{"title":"arabe clase-19-curso-online-kzas &#8211; Gnosis Internacional","robots":{"index":"index","follow":"follow","max-snippet":"max-snippet:-1","max-image-preview":"max-image-preview:large","max-video-preview":"max-video-preview:-1"},"canonical":"https:\/\/gnosis.is\/de\/arabe-clase-19-curso-online-kzas\/","og_locale":"de_DE","og_type":"article","og_title":"arabe clase-19-curso-online-kzas","og_description":"\u0627\u0644\u062f\u0631\u0633 \u0631\u0642\u0645 \u0663 \u2013 \u0627\u0644\u063a\u0631\u0641\u0629 \u0627\u0644\u0645\u062a\u0642\u062f\u0645\u0629 \u062a\u062d\u0648\u064a\u0644 \u0627\u0644\u0637\u0627\u0642\u0629 https:\/\/youtu.be\/NGUYcNfvNUw \u0645\u0624\u062a\u0645\u0631 \u0627\u0644\u0641\u064a\u062f\u064a\u0648 \u0627\u0644\u0645\u0633\u062c\u0644 &#8211; \u0627\u0644\u062c\u0632\u0621 \u0627\u0644\u0623\u0648\u0644 \u0639\u0631\u0636 \u062a\u0642\u062f\u064a\u0645\u064a \u0628\u0635\u064a\u063a\u0629 PDF https:\/\/youtu.be\/NqFr8y5P5zQ \u0645\u0624\u062a\u0645\u0631 \u0627\u0644\u0641\u064a\u062f\u064a\u0648 \u0627\u0644\u0645\u0633\u062c\u0644 &#8211; \u0627\u0644\u062c\u0632\u0621 \u0627\u0644\u062b\u0627\u0646\u064a \u062a\u062d\u0648\u064a\u0644 \u0637\u0627\u0642\u062a\u0646\u0627 &#8211; \u0627\u0644\u0643\u064a\u0645\u064a\u0627\u0621 \u0627\u0644\u062c\u0646\u0633\u064a\u0629 &#8211; \u0646\u0635 PDF \u0644\u0644\u062a\u062d\u0645\u064a\u0644 \u0627\u0644\u062a\u0628\u0631\u0639\u0627\u062a","og_url":"https:\/\/gnosis.is\/de\/arabe-clase-19-curso-online-kzas\/","og_site_name":"Gnosis Internacional","article_publisher":"https:\/\/www.facebook.com\/Gnosis.ES\/","article_modified_time":"2025-10-18T00:09:16+00:00","og_image":[{"width":1213,"height":685,"url":"https:\/\/gnosis.is\/wp-content\/uploads\/2025\/10\/portada-03.jpg","type":"image\/jpeg"}],"twitter_card":"summary_large_image","twitter_site":"@gnosisinter","twitter_misc":{"Gesch\u00e4tzte Lesezeit":"1\u00a0Minute"},"schema":{"@context":"https:\/\/schema.org","@graph":[{"@type":"WebPage","@id":"https:\/\/gnosis.is\/arabe-clase-19-curso-online-kzas\/","url":"https:\/\/gnosis.is\/arabe-clase-19-curso-online-kzas\/","name":"arabe clase-19-curso-online-kzas &#8211; Gnosis Internacional","isPartOf":{"@id":"https:\/\/gnosis.is\/#website"},"primaryImageOfPage":{"@id":"https:\/\/gnosis.is\/arabe-clase-19-curso-online-kzas\/#primaryimage"},"image":{"@id":"https:\/\/gnosis.is\/arabe-clase-19-curso-online-kzas\/#primaryimage"},"thumbnailUrl":"https:\/\/gnosis.is\/wp-content\/uploads\/2025\/10\/portada-03-1024x578.jpg","datePublished":"2025-10-11T10:01:31+00:00","dateModified":"2025-10-18T00:09:16+00:00","breadcrumb":{"@id":"https:\/\/gnosis.is\/arabe-clase-19-curso-online-kzas\/#breadcrumb"},"inLanguage":"de","potentialAction":[{"@type":"ReadAction","target":["https:\/\/gnosis.is\/arabe-clase-19-curso-online-kzas\/"]}]},{"@type":"ImageObject","inLanguage":"de","@id":"https:\/\/gnosis.is\/arabe-clase-19-curso-online-kzas\/#primaryimage","url":"https:\/\/gnosis.is\/wp-content\/uploads\/2025\/10\/portada-03-1024x578.jpg","contentUrl":"https:\/\/gnosis.is\/wp-content\/uploads\/2025\/10\/portada-03-1024x578.jpg"},{"@type":"BreadcrumbList","@id":"https:\/\/gnosis.is\/arabe-clase-19-curso-online-kzas\/#breadcrumb","itemListElement":[{"@type":"ListItem","position":1,"name":"Home","item":"https:\/\/gnosis.is\/"},{"@type":"ListItem","position":2,"name":"arabe clase-19-curso-online-kzas"}]},{"@type":"WebSite","@id":"https:\/\/gnosis.is\/#website","url":"https:\/\/gnosis.is\/","name":"Cultura Gn\u00f3stica Espa\u00f1ol","description":"Valores humanos, conciencia, filosof\u00eda, psicolog\u00eda gn\u00f3stica.","publisher":{"@id":"https:\/\/gnosis.is\/#organization"},"potentialAction":[{"@type":"SearchAction","target":{"@type":"EntryPoint","urlTemplate":"https:\/\/gnosis.is\/?s={search_term_string}"},"query-input":{"@type":"PropertyValueSpecification","valueRequired":true,"valueName":"search_term_string"}}],"inLanguage":"de"},{"@type":"Organization","@id":"https:\/\/gnosis.is\/#organization","name":"Cultura Gn\u00f3stica","url":"https:\/\/gnosis.is\/","logo":{"@type":"ImageObject","inLanguage":"de","@id":"https:\/\/gnosis.is\/#\/schema\/logo\/image\/","url":"https:\/\/gnosis.is\/wp-content\/uploads\/2019\/07\/logoNuevo300.png","contentUrl":"https:\/\/gnosis.is\/wp-content\/uploads\/2019\/07\/logoNuevo300.png","width":300,"height":306,"caption":"Cultura Gn\u00f3stica"},"image":{"@id":"https:\/\/gnosis.is\/#\/schema\/logo\/image\/"},"sameAs":["https:\/\/www.facebook.com\/Gnosis.ES\/","https:\/\/x.com\/gnosisinter","https:\/\/www.instagram.com\/gnosisinter\/","https:\/\/www.youtube.com\/channel\/UCu7CGV0APUr8uXC9dzb9FKQ?sub_confirmation=1"]}]}},"_links":{"self":[{"href":"https:\/\/gnosis.is\/de\/wp-json\/wp\/v2\/pages\/13508","targetHints":{"allow":["GET"]}}],"collection":[{"href":"https:\/\/gnosis.is\/de\/wp-json\/wp\/v2\/pages"}],"about":[{"href":"https:\/\/gnosis.is\/de\/wp-json\/wp\/v2\/types\/page"}],"author":[{"embeddable":true,"href":"https:\/\/gnosis.is\/de\/wp-json\/wp\/v2\/users\/60"}],"replies":[{"embeddable":true,"href":"https:\/\/gnosis.is\/de\/wp-json\/wp\/v2\/comments?post=13508"}],"version-history":[{"count":16,"href":"https:\/\/gnosis.is\/de\/wp-json\/wp\/v2\/pages\/13508\/revisions"}],"predecessor-version":[{"id":13537,"href":"https:\/\/gnosis.is\/de\/wp-json\/wp\/v2\/pages\/13508\/revisions\/13537"}],"wp:attachment":[{"href":"https:\/\/gnosis.is\/de\/wp-json\/wp\/v2\/media?parent=13508"}],"curies":[{"name":"wp","href":"https:\/\/api.w.org\/{rel}","templated":true}]}}