{"id":13521,"date":"2025-11-03T11:33:35","date_gmt":"2025-11-03T10:33:35","guid":{"rendered":"https:\/\/gnosis.is\/?page_id=13521"},"modified":"2025-11-03T18:45:12","modified_gmt":"2025-11-03T17:45:12","slug":"arabe-clase-21-curso-online-pskj","status":"publish","type":"page","link":"https:\/\/gnosis.is\/it\/arabe-clase-21-curso-online-pskj\/","title":{"rendered":"arabe clase-21-curso-online-pskj"},"content":{"rendered":"<div data-elementor-type=\"wp-page\" data-elementor-id=\"13521\" class=\"elementor elementor-13521\" data-elementor-post-type=\"page\">\n\t\t\t\t\t\t<section data-particle_enable=\"false\" data-particle-mobile-disabled=\"false\" class=\"elementor-section elementor-top-section elementor-element elementor-element-73e97184 elementor-section-boxed elementor-section-height-default elementor-section-height-default\" data-id=\"73e97184\" data-element_type=\"section\" data-settings=\"{&quot;jet_parallax_layout_list&quot;:[]}\">\n\t\t\t\t\t\t<div class=\"elementor-container elementor-column-gap-default\">\n\t\t\t\t\t<div class=\"elementor-column elementor-col-100 elementor-top-column elementor-element elementor-element-46c1e1d8\" data-id=\"46c1e1d8\" data-element_type=\"column\">\n\t\t\t<div class=\"elementor-widget-wrap elementor-element-populated\">\n\t\t\t\t\t\t<div class=\"elementor-element elementor-element-45d20ff1 elementor-widget elementor-widget-text-editor\" data-id=\"45d20ff1\" data-element_type=\"widget\" data-widget_type=\"text-editor.default\">\n\t\t\t\t\t\t\t\t\t<h1 style=\"text-align: center;\"><strong><span style=\"color: #003366;\">\u0627\u0644\u062f\u0631\u0633 \u0631\u0642\u0645 5 \u2013 \u0627\u0644\u0643\u0627\u0645\u064a\u0631\u0627 \u0627\u0644\u0645\u062a\u0642\u062f\u0645\u0629<\/span><\/strong><\/h1>\t\t\t\t\t\t\t\t<\/div>\n\t\t\t\t<div class=\"elementor-element elementor-element-10c6c1e9 elementor-widget elementor-widget-text-editor\" data-id=\"10c6c1e9\" data-element_type=\"widget\" data-widget_type=\"text-editor.default\">\n\t\t\t\t\t\t\t\t\t<h1 style=\"text-align: center;\">\u0627\u0644\u062d\u0627\u0644\u0627\u062a \u0627\u0644\u0623\u0631\u0628\u0639 \u0644\u0644\u0648\u0639\u064a<\/h1>\t\t\t\t\t\t\t\t<\/div>\n\t\t\t\t\t<\/div>\n\t\t<\/div>\n\t\t\t\t\t<\/div>\n\t\t<\/section>\n\t\t\t\t<section data-particle_enable=\"false\" data-particle-mobile-disabled=\"false\" class=\"elementor-section elementor-top-section elementor-element elementor-element-2d03c12e elementor-section-boxed elementor-section-height-default elementor-section-height-default\" data-id=\"2d03c12e\" data-element_type=\"section\" data-settings=\"{&quot;jet_parallax_layout_list&quot;:[]}\">\n\t\t\t\t\t\t<div class=\"elementor-container elementor-column-gap-default\">\n\t\t\t\t\t<div class=\"elementor-column elementor-col-100 elementor-top-column elementor-element elementor-element-671bf27d\" data-id=\"671bf27d\" data-element_type=\"column\">\n\t\t\t<div class=\"elementor-widget-wrap\">\n\t\t\t\t\t\t\t<\/div>\n\t\t<\/div>\n\t\t\t\t\t<\/div>\n\t\t<\/section>\n\t\t\t\t<section data-particle_enable=\"false\" data-particle-mobile-disabled=\"false\" class=\"elementor-section elementor-top-section elementor-element elementor-element-f842ad5 elementor-section-boxed elementor-section-height-default elementor-section-height-default\" data-id=\"f842ad5\" data-element_type=\"section\" data-settings=\"{&quot;jet_parallax_layout_list&quot;:[]}\">\n\t\t\t\t\t\t<div class=\"elementor-container elementor-column-gap-default\">\n\t\t\t\t\t<div class=\"elementor-column elementor-col-25 elementor-top-column elementor-element elementor-element-12c8ce46\" data-id=\"12c8ce46\" data-element_type=\"column\">\n\t\t\t<div class=\"elementor-widget-wrap elementor-element-populated\">\n\t\t\t\t\t\t<div class=\"elementor-element elementor-element-1da59720 elementor-widget elementor-widget-video\" data-id=\"1da59720\" data-element_type=\"widget\" data-settings=\"{&quot;youtube_url&quot;:&quot;https:\\\/\\\/youtu.be\\\/6U4kJyz2cr8&quot;,&quot;video_type&quot;:&quot;youtube&quot;,&quot;controls&quot;:&quot;yes&quot;}\" data-widget_type=\"video.default\">\n\t\t\t\t\t\t\t<div class=\"elementor-wrapper elementor-open-inline\">\n\t\t\t<div class=\"elementor-video\"><\/div>\t\t<\/div>\n\t\t\t\t\t\t<\/div>\n\t\t\t\t\t<\/div>\n\t\t<\/div>\n\t\t\t\t<div class=\"elementor-column elementor-col-25 elementor-top-column elementor-element elementor-element-62d8b13f\" data-id=\"62d8b13f\" data-element_type=\"column\">\n\t\t\t<div class=\"elementor-widget-wrap elementor-element-populated\">\n\t\t\t\t\t\t<div class=\"elementor-element elementor-element-76b9bd6c elementor-widget elementor-widget-text-editor\" data-id=\"76b9bd6c\" data-element_type=\"widget\" data-widget_type=\"text-editor.default\">\n\t\t\t\t\t\t\t\t\t<p><span style=\"font-size: 14pt; color: #003366;\"><strong>\u0645\u0624\u062a\u0645\u0631 \u0641\u064a\u062f\u064a\u0648 \u0645\u0633\u062c\u0644<\/strong><\/span><\/p>\t\t\t\t\t\t\t\t<\/div>\n\t\t\t\t\t<\/div>\n\t\t<\/div>\n\t\t\t\t<div class=\"elementor-column elementor-col-25 elementor-top-column elementor-element elementor-element-4f08d8a8\" data-id=\"4f08d8a8\" data-element_type=\"column\">\n\t\t\t<div class=\"elementor-widget-wrap elementor-element-populated\">\n\t\t\t\t<a class=\"eael-wrapper-link-cf35c95 --eael-wrapper-link-tag\" href=\"https:\/\/drive.google.com\/file\/d\/15XouvQx4QzJPOOqZ_ZwdDNy68L7wM1Ah\/view?usp=sharing\"><\/a>\t\t<div data-eael-wrapper-link=\"eael-wrapper-link-cf35c95\" class=\"elementor-element elementor-element-cf35c95 elementor-widget elementor-widget-image\" data-id=\"cf35c95\" data-element_type=\"widget\" data-widget_type=\"image.default\">\n\t\t\t\t\t\t\t\t\t\t\t\t\t\t\t<img fetchpriority=\"high\" decoding=\"async\" width=\"800\" height=\"450\" src=\"https:\/\/gnosis.is\/wp-content\/uploads\/2025\/11\/mito-1024x576.jpg\" class=\"attachment-large size-large wp-image-13552\" alt=\"\" srcset=\"https:\/\/gnosis.is\/wp-content\/uploads\/2025\/11\/mito-1024x576.jpg 1024w, https:\/\/gnosis.is\/wp-content\/uploads\/2025\/11\/mito-300x169.jpg 300w, https:\/\/gnosis.is\/wp-content\/uploads\/2025\/11\/mito-768x432.jpg 768w, https:\/\/gnosis.is\/wp-content\/uploads\/2025\/11\/mito-18x10.jpg 18w, https:\/\/gnosis.is\/wp-content\/uploads\/2025\/11\/mito.jpg 1275w\" sizes=\"(max-width: 800px) 100vw, 800px\" \/>\t\t\t\t\t\t\t\t\t\t\t\t\t\t\t<\/div>\n\t\t\t\t\t<\/div>\n\t\t<\/div>\n\t\t\t\t<div class=\"elementor-column elementor-col-25 elementor-top-column elementor-element elementor-element-20c5edfd\" data-id=\"20c5edfd\" data-element_type=\"column\">\n\t\t\t<div class=\"elementor-widget-wrap elementor-element-populated\">\n\t\t\t\t\t\t<div class=\"elementor-element elementor-element-5af7d72 elementor-widget elementor-widget-text-editor\" data-id=\"5af7d72\" data-element_type=\"widget\" data-widget_type=\"text-editor.default\">\n\t\t\t\t\t\t\t\t\t<p style=\"text-align: center;\"><span style=\"font-size: 14pt; color: #003366;\"><strong>\u0639\u0631\u0636 \u062a\u0642\u062f\u064a\u0645\u064a \u0628\u0635\u064a\u063a\u0629 PDF<\/strong><\/span><\/p>\t\t\t\t\t\t\t\t<\/div>\n\t\t\t\t\t<\/div>\n\t\t<\/div>\n\t\t\t\t\t<\/div>\n\t\t<\/section>\n\t\t\t\t<section data-particle_enable=\"false\" data-particle-mobile-disabled=\"false\" class=\"elementor-section elementor-top-section elementor-element elementor-element-46813f6 elementor-section-boxed elementor-section-height-default elementor-section-height-default\" data-id=\"46813f6\" data-element_type=\"section\" data-settings=\"{&quot;jet_parallax_layout_list&quot;:[]}\">\n\t\t\t\t\t\t<div class=\"elementor-container elementor-column-gap-default\">\n\t\t\t\t\t<div class=\"elementor-column elementor-col-25 elementor-top-column elementor-element elementor-element-da17127\" data-id=\"da17127\" data-element_type=\"column\">\n\t\t\t<div class=\"elementor-widget-wrap elementor-element-populated\">\n\t\t\t\t\t\t<div class=\"elementor-element elementor-element-54a7dcf elementor-widget elementor-widget-video\" data-id=\"54a7dcf\" data-element_type=\"widget\" data-settings=\"{&quot;youtube_url&quot;:&quot;https:\\\/\\\/youtu.be\\\/J0GZdTaFWIc?si=SgZAHTl2Zt5fCp74&quot;,&quot;video_type&quot;:&quot;youtube&quot;,&quot;controls&quot;:&quot;yes&quot;}\" data-widget_type=\"video.default\">\n\t\t\t\t\t\t\t<div class=\"elementor-wrapper elementor-open-inline\">\n\t\t\t<div class=\"elementor-video\"><\/div>\t\t<\/div>\n\t\t\t\t\t\t<\/div>\n\t\t\t\t\t<\/div>\n\t\t<\/div>\n\t\t\t\t<div class=\"elementor-column elementor-col-25 elementor-top-column elementor-element elementor-element-9d48a1b\" data-id=\"9d48a1b\" data-element_type=\"column\">\n\t\t\t<div class=\"elementor-widget-wrap elementor-element-populated\">\n\t\t\t\t\t\t<div class=\"elementor-element elementor-element-ca54d80 elementor-widget elementor-widget-text-editor\" data-id=\"ca54d80\" data-element_type=\"widget\" data-widget_type=\"text-editor.default\">\n\t\t\t\t\t\t\t\t\t<p><span style=\"font-size: 14pt; color: #003366;\"><strong>\u0623\u0633\u0637\u0648\u0631\u0629 \u0627\u0644\u0643\u0647\u0641 | \u0645\u062d\u0627\u0648\u0631\u0629 \u00ab\u0627\u0644\u062c\u0645\u0647\u0648\u0631\u064a\u0629\u00bb \u0644\u0623\u0641\u0644\u0627\u0637\u0648\u0646 <\/strong><\/span><\/p>\t\t\t\t\t\t\t\t<\/div>\n\t\t\t\t\t<\/div>\n\t\t<\/div>\n\t\t\t\t<div class=\"elementor-column elementor-col-25 elementor-top-column elementor-element elementor-element-b92eb7d\" data-id=\"b92eb7d\" data-element_type=\"column\">\n\t\t\t<div class=\"elementor-widget-wrap\">\n\t\t\t\t\t\t\t<\/div>\n\t\t<\/div>\n\t\t\t\t<div class=\"elementor-column elementor-col-25 elementor-top-column elementor-element elementor-element-7c69098\" data-id=\"7c69098\" data-element_type=\"column\">\n\t\t\t<div class=\"elementor-widget-wrap elementor-element-populated\">\n\t\t\t\t\t\t\t<\/div>\n\t\t<\/div>\n\t\t\t\t\t<\/div>\n\t\t<\/section>\n\t\t\t\t<section data-particle_enable=\"false\" data-particle-mobile-disabled=\"false\" class=\"elementor-section elementor-top-section elementor-element elementor-element-5a560506 elementor-section-boxed elementor-section-height-default elementor-section-height-default\" data-id=\"5a560506\" data-element_type=\"section\" data-settings=\"{&quot;jet_parallax_layout_list&quot;:[]}\">\n\t\t\t\t\t\t<div class=\"elementor-container elementor-column-gap-default\">\n\t\t\t\t\t<div class=\"elementor-column elementor-col-100 elementor-top-column elementor-element elementor-element-11a6687c\" data-id=\"11a6687c\" data-element_type=\"column\">\n\t\t\t<div class=\"elementor-widget-wrap elementor-element-populated\">\n\t\t\t\t\t\t<div class=\"elementor-element elementor-element-6488e9d6 elementor-widget elementor-widget-spacer\" data-id=\"6488e9d6\" data-element_type=\"widget\" data-widget_type=\"spacer.default\">\n\t\t\t\t\t\t\t<div class=\"elementor-spacer\">\n\t\t\t<div class=\"elementor-spacer-inner\"><\/div>\n\t\t<\/div>\n\t\t\t\t\t\t<\/div>\n\t\t\t\t<div class=\"elementor-element elementor-element-5bfaa32 elementor-align-center elementor-widget elementor-widget-button\" data-id=\"5bfaa32\" data-element_type=\"widget\" data-widget_type=\"button.default\">\n\t\t\t\t\t\t\t\t\t\t<a class=\"elementor-button elementor-button-link elementor-size-sm\" href=\"https:\/\/gnosis.link\/donar\" target=\"_blank\">\n\t\t\t\t\t\t<span class=\"elementor-button-content-wrapper\">\n\t\t\t\t\t\t\t\t\t<span class=\"elementor-button-text\">\u0627\u0644\u062a\u0628\u0631\u0639\u0627\u062a<\/span>\n\t\t\t\t\t<\/span>\n\t\t\t\t\t<\/a>\n\t\t\t\t\t\t\t\t<\/div>\n\t\t\t\t\t<\/div>\n\t\t<\/div>\n\t\t\t\t\t<\/div>\n\t\t<\/section>\n\t\t\t\t<\/div>","protected":false},"excerpt":{"rendered":"<p>\u0627\u0644\u062f\u0631\u0633 \u0631\u0642\u0645 5 \u2013 \u0627\u0644\u0643\u0627\u0645\u064a\u0631\u0627 \u0627\u0644\u0645\u062a\u0642\u062f\u0645\u0629 \u0627\u0644\u062d\u0627\u0644\u0627\u062a \u0627\u0644\u0623\u0631\u0628\u0639 \u0644\u0644\u0648\u0639\u064a https:\/\/youtu.be\/6U4kJyz2cr8 \u0645\u0624\u062a\u0645\u0631 \u0641\u064a\u062f\u064a\u0648 \u0645\u0633\u062c\u0644 \u0639\u0631\u0636 \u062a\u0642\u062f\u064a\u0645\u064a \u0628\u0635\u064a\u063a\u0629 PDF https:\/\/youtu.be\/J0GZdTaFWIc?si=SgZAHTl2Zt5fCp74 \u0623\u0633\u0637\u0648\u0631\u0629 \u0627\u0644\u0643\u0647\u0641 | \u0645\u062d\u0627\u0648\u0631\u0629 \u00ab\u0627\u0644\u062c\u0645\u0647\u0648\u0631\u064a\u0629\u00bb \u0644\u0623\u0641\u0644\u0627\u0637\u0648\u0646 \u0627\u0644\u062a\u0628\u0631\u0639\u0627\u062a<\/p>","protected":false},"author":60,"featured_media":0,"parent":0,"menu_order":0,"comment_status":"closed","ping_status":"closed","template":"","meta":{"footnotes":""},"class_list":["post-13521","page","type-page","status-publish","hentry"],"yoast_head":"<!-- This site is optimized with the Yoast SEO Premium plugin v24.7 (Yoast SEO v24.7) - https:\/\/yoast.com\/wordpress\/plugins\/seo\/ -->\n<title>arabe clase-21-curso-online-pskj &#8211; Gnosis Internacional<\/title>\n<meta name=\"robots\" content=\"index, follow, max-snippet:-1, max-image-preview:large, max-video-preview:-1\" \/>\n<link rel=\"canonical\" href=\"https:\/\/gnosis.is\/it\/arabe-clase-21-curso-online-pskj\/\" \/>\n<meta property=\"og:locale\" content=\"it_IT\" \/>\n<meta property=\"og:type\" content=\"article\" \/>\n<meta property=\"og:title\" content=\"arabe clase-21-curso-online-pskj\" \/>\n<meta property=\"og:description\" content=\"\u0627\u0644\u062f\u0631\u0633 \u0631\u0642\u0645 5 \u2013 \u0627\u0644\u0643\u0627\u0645\u064a\u0631\u0627 \u0627\u0644\u0645\u062a\u0642\u062f\u0645\u0629 \u0627\u0644\u062d\u0627\u0644\u0627\u062a \u0627\u0644\u0623\u0631\u0628\u0639 \u0644\u0644\u0648\u0639\u064a https:\/\/youtu.be\/6U4kJyz2cr8 \u0645\u0624\u062a\u0645\u0631 \u0641\u064a\u062f\u064a\u0648 \u0645\u0633\u062c\u0644 \u0639\u0631\u0636 \u062a\u0642\u062f\u064a\u0645\u064a \u0628\u0635\u064a\u063a\u0629 PDF https:\/\/youtu.be\/J0GZdTaFWIc?si=SgZAHTl2Zt5fCp74 \u0623\u0633\u0637\u0648\u0631\u0629 \u0627\u0644\u0643\u0647\u0641 | \u0645\u062d\u0627\u0648\u0631\u0629 \u00ab\u0627\u0644\u062c\u0645\u0647\u0648\u0631\u064a\u0629\u00bb \u0644\u0623\u0641\u0644\u0627\u0637\u0648\u0646 \u0627\u0644\u062a\u0628\u0631\u0639\u0627\u062a\" \/>\n<meta property=\"og:url\" content=\"https:\/\/gnosis.is\/it\/arabe-clase-21-curso-online-pskj\/\" \/>\n<meta property=\"og:site_name\" content=\"Gnosis Internacional\" \/>\n<meta property=\"article:publisher\" content=\"https:\/\/www.facebook.com\/Gnosis.ES\/\" \/>\n<meta property=\"article:modified_time\" content=\"2025-11-03T17:45:12+00:00\" \/>\n<meta property=\"og:image\" content=\"https:\/\/gnosis.is\/wp-content\/uploads\/2025\/11\/mito.jpg\" \/>\n\t<meta property=\"og:image:width\" content=\"1275\" \/>\n\t<meta property=\"og:image:height\" content=\"717\" \/>\n\t<meta property=\"og:image:type\" content=\"image\/jpeg\" \/>\n<meta name=\"twitter:card\" content=\"summary_large_image\" \/>\n<meta name=\"twitter:site\" content=\"@gnosisinter\" \/>\n<meta name=\"twitter:label1\" content=\"Tempo di lettura stimato\" \/>\n\t<meta name=\"twitter:data1\" content=\"1 minuto\" \/>\n<script type=\"application\/ld+json\" class=\"yoast-schema-graph\">{\"@context\":\"https:\/\/schema.org\",\"@graph\":[{\"@type\":\"WebPage\",\"@id\":\"https:\/\/gnosis.is\/arabe-clase-21-curso-online-pskj\/\",\"url\":\"https:\/\/gnosis.is\/arabe-clase-21-curso-online-pskj\/\",\"name\":\"arabe clase-21-curso-online-pskj &#8211; Gnosis Internacional\",\"isPartOf\":{\"@id\":\"https:\/\/gnosis.is\/#website\"},\"primaryImageOfPage\":{\"@id\":\"https:\/\/gnosis.is\/arabe-clase-21-curso-online-pskj\/#primaryimage\"},\"image\":{\"@id\":\"https:\/\/gnosis.is\/arabe-clase-21-curso-online-pskj\/#primaryimage\"},\"thumbnailUrl\":\"https:\/\/gnosis.is\/wp-content\/uploads\/2025\/11\/mito-1024x576.jpg\",\"datePublished\":\"2025-11-03T10:33:35+00:00\",\"dateModified\":\"2025-11-03T17:45:12+00:00\",\"breadcrumb\":{\"@id\":\"https:\/\/gnosis.is\/arabe-clase-21-curso-online-pskj\/#breadcrumb\"},\"inLanguage\":\"it-IT\",\"potentialAction\":[{\"@type\":\"ReadAction\",\"target\":[\"https:\/\/gnosis.is\/arabe-clase-21-curso-online-pskj\/\"]}]},{\"@type\":\"ImageObject\",\"inLanguage\":\"it-IT\",\"@id\":\"https:\/\/gnosis.is\/arabe-clase-21-curso-online-pskj\/#primaryimage\",\"url\":\"https:\/\/gnosis.is\/wp-content\/uploads\/2025\/11\/mito-1024x576.jpg\",\"contentUrl\":\"https:\/\/gnosis.is\/wp-content\/uploads\/2025\/11\/mito-1024x576.jpg\"},{\"@type\":\"BreadcrumbList\",\"@id\":\"https:\/\/gnosis.is\/arabe-clase-21-curso-online-pskj\/#breadcrumb\",\"itemListElement\":[{\"@type\":\"ListItem\",\"position\":1,\"name\":\"Home\",\"item\":\"https:\/\/gnosis.is\/\"},{\"@type\":\"ListItem\",\"position\":2,\"name\":\"arabe clase-21-curso-online-pskj\"}]},{\"@type\":\"WebSite\",\"@id\":\"https:\/\/gnosis.is\/#website\",\"url\":\"https:\/\/gnosis.is\/\",\"name\":\"Cultura Gn\u00f3stica Espa\u00f1ol\",\"description\":\"Valores humanos, conciencia, filosof\u00eda, psicolog\u00eda gn\u00f3stica.\",\"publisher\":{\"@id\":\"https:\/\/gnosis.is\/#organization\"},\"potentialAction\":[{\"@type\":\"SearchAction\",\"target\":{\"@type\":\"EntryPoint\",\"urlTemplate\":\"https:\/\/gnosis.is\/?s={search_term_string}\"},\"query-input\":{\"@type\":\"PropertyValueSpecification\",\"valueRequired\":true,\"valueName\":\"search_term_string\"}}],\"inLanguage\":\"it-IT\"},{\"@type\":\"Organization\",\"@id\":\"https:\/\/gnosis.is\/#organization\",\"name\":\"Cultura Gn\u00f3stica\",\"url\":\"https:\/\/gnosis.is\/\",\"logo\":{\"@type\":\"ImageObject\",\"inLanguage\":\"it-IT\",\"@id\":\"https:\/\/gnosis.is\/#\/schema\/logo\/image\/\",\"url\":\"https:\/\/gnosis.is\/wp-content\/uploads\/2019\/07\/logoNuevo300.png\",\"contentUrl\":\"https:\/\/gnosis.is\/wp-content\/uploads\/2019\/07\/logoNuevo300.png\",\"width\":300,\"height\":306,\"caption\":\"Cultura Gn\u00f3stica\"},\"image\":{\"@id\":\"https:\/\/gnosis.is\/#\/schema\/logo\/image\/\"},\"sameAs\":[\"https:\/\/www.facebook.com\/Gnosis.ES\/\",\"https:\/\/x.com\/gnosisinter\",\"https:\/\/www.instagram.com\/gnosisinter\/\",\"https:\/\/www.youtube.com\/channel\/UCu7CGV0APUr8uXC9dzb9FKQ?sub_confirmation=1\"]}]}<\/script>\n<!-- \/ Yoast SEO Premium plugin. -->","yoast_head_json":{"title":"arabe clase-21-curso-online-pskj &#8211; Gnosis Internacional","robots":{"index":"index","follow":"follow","max-snippet":"max-snippet:-1","max-image-preview":"max-image-preview:large","max-video-preview":"max-video-preview:-1"},"canonical":"https:\/\/gnosis.is\/it\/arabe-clase-21-curso-online-pskj\/","og_locale":"it_IT","og_type":"article","og_title":"arabe clase-21-curso-online-pskj","og_description":"\u0627\u0644\u062f\u0631\u0633 \u0631\u0642\u0645 5 \u2013 \u0627\u0644\u0643\u0627\u0645\u064a\u0631\u0627 \u0627\u0644\u0645\u062a\u0642\u062f\u0645\u0629 \u0627\u0644\u062d\u0627\u0644\u0627\u062a \u0627\u0644\u0623\u0631\u0628\u0639 \u0644\u0644\u0648\u0639\u064a https:\/\/youtu.be\/6U4kJyz2cr8 \u0645\u0624\u062a\u0645\u0631 \u0641\u064a\u062f\u064a\u0648 \u0645\u0633\u062c\u0644 \u0639\u0631\u0636 \u062a\u0642\u062f\u064a\u0645\u064a \u0628\u0635\u064a\u063a\u0629 PDF https:\/\/youtu.be\/J0GZdTaFWIc?si=SgZAHTl2Zt5fCp74 \u0623\u0633\u0637\u0648\u0631\u0629 \u0627\u0644\u0643\u0647\u0641 | \u0645\u062d\u0627\u0648\u0631\u0629 \u00ab\u0627\u0644\u062c\u0645\u0647\u0648\u0631\u064a\u0629\u00bb \u0644\u0623\u0641\u0644\u0627\u0637\u0648\u0646 \u0627\u0644\u062a\u0628\u0631\u0639\u0627\u062a","og_url":"https:\/\/gnosis.is\/it\/arabe-clase-21-curso-online-pskj\/","og_site_name":"Gnosis Internacional","article_publisher":"https:\/\/www.facebook.com\/Gnosis.ES\/","article_modified_time":"2025-11-03T17:45:12+00:00","og_image":[{"width":1275,"height":717,"url":"https:\/\/gnosis.is\/wp-content\/uploads\/2025\/11\/mito.jpg","type":"image\/jpeg"}],"twitter_card":"summary_large_image","twitter_site":"@gnosisinter","twitter_misc":{"Tempo di lettura stimato":"1 minuto"},"schema":{"@context":"https:\/\/schema.org","@graph":[{"@type":"WebPage","@id":"https:\/\/gnosis.is\/arabe-clase-21-curso-online-pskj\/","url":"https:\/\/gnosis.is\/arabe-clase-21-curso-online-pskj\/","name":"arabe clase-21-curso-online-pskj &#8211; Gnosis Internacional","isPartOf":{"@id":"https:\/\/gnosis.is\/#website"},"primaryImageOfPage":{"@id":"https:\/\/gnosis.is\/arabe-clase-21-curso-online-pskj\/#primaryimage"},"image":{"@id":"https:\/\/gnosis.is\/arabe-clase-21-curso-online-pskj\/#primaryimage"},"thumbnailUrl":"https:\/\/gnosis.is\/wp-content\/uploads\/2025\/11\/mito-1024x576.jpg","datePublished":"2025-11-03T10:33:35+00:00","dateModified":"2025-11-03T17:45:12+00:00","breadcrumb":{"@id":"https:\/\/gnosis.is\/arabe-clase-21-curso-online-pskj\/#breadcrumb"},"inLanguage":"it-IT","potentialAction":[{"@type":"ReadAction","target":["https:\/\/gnosis.is\/arabe-clase-21-curso-online-pskj\/"]}]},{"@type":"ImageObject","inLanguage":"it-IT","@id":"https:\/\/gnosis.is\/arabe-clase-21-curso-online-pskj\/#primaryimage","url":"https:\/\/gnosis.is\/wp-content\/uploads\/2025\/11\/mito-1024x576.jpg","contentUrl":"https:\/\/gnosis.is\/wp-content\/uploads\/2025\/11\/mito-1024x576.jpg"},{"@type":"BreadcrumbList","@id":"https:\/\/gnosis.is\/arabe-clase-21-curso-online-pskj\/#breadcrumb","itemListElement":[{"@type":"ListItem","position":1,"name":"Home","item":"https:\/\/gnosis.is\/"},{"@type":"ListItem","position":2,"name":"arabe clase-21-curso-online-pskj"}]},{"@type":"WebSite","@id":"https:\/\/gnosis.is\/#website","url":"https:\/\/gnosis.is\/","name":"Cultura Gn\u00f3stica Espa\u00f1ol","description":"Valores humanos, conciencia, filosof\u00eda, psicolog\u00eda gn\u00f3stica.","publisher":{"@id":"https:\/\/gnosis.is\/#organization"},"potentialAction":[{"@type":"SearchAction","target":{"@type":"EntryPoint","urlTemplate":"https:\/\/gnosis.is\/?s={search_term_string}"},"query-input":{"@type":"PropertyValueSpecification","valueRequired":true,"valueName":"search_term_string"}}],"inLanguage":"it-IT"},{"@type":"Organization","@id":"https:\/\/gnosis.is\/#organization","name":"Cultura Gn\u00f3stica","url":"https:\/\/gnosis.is\/","logo":{"@type":"ImageObject","inLanguage":"it-IT","@id":"https:\/\/gnosis.is\/#\/schema\/logo\/image\/","url":"https:\/\/gnosis.is\/wp-content\/uploads\/2019\/07\/logoNuevo300.png","contentUrl":"https:\/\/gnosis.is\/wp-content\/uploads\/2019\/07\/logoNuevo300.png","width":300,"height":306,"caption":"Cultura Gn\u00f3stica"},"image":{"@id":"https:\/\/gnosis.is\/#\/schema\/logo\/image\/"},"sameAs":["https:\/\/www.facebook.com\/Gnosis.ES\/","https:\/\/x.com\/gnosisinter","https:\/\/www.instagram.com\/gnosisinter\/","https:\/\/www.youtube.com\/channel\/UCu7CGV0APUr8uXC9dzb9FKQ?sub_confirmation=1"]}]}},"_links":{"self":[{"href":"https:\/\/gnosis.is\/it\/wp-json\/wp\/v2\/pages\/13521","targetHints":{"allow":["GET"]}}],"collection":[{"href":"https:\/\/gnosis.is\/it\/wp-json\/wp\/v2\/pages"}],"about":[{"href":"https:\/\/gnosis.is\/it\/wp-json\/wp\/v2\/types\/page"}],"author":[{"embeddable":true,"href":"https:\/\/gnosis.is\/it\/wp-json\/wp\/v2\/users\/60"}],"replies":[{"embeddable":true,"href":"https:\/\/gnosis.is\/it\/wp-json\/wp\/v2\/comments?post=13521"}],"version-history":[{"count":10,"href":"https:\/\/gnosis.is\/it\/wp-json\/wp\/v2\/pages\/13521\/revisions"}],"predecessor-version":[{"id":13562,"href":"https:\/\/gnosis.is\/it\/wp-json\/wp\/v2\/pages\/13521\/revisions\/13562"}],"wp:attachment":[{"href":"https:\/\/gnosis.is\/it\/wp-json\/wp\/v2\/media?parent=13521"}],"curies":[{"name":"wp","href":"https:\/\/api.w.org\/{rel}","templated":true}]}}